{"id":545,"date":"2024-05-27T09:34:37","date_gmt":"2024-05-27T07:34:37","guid":{"rendered":"https:\/\/www.progicon.be\/?page_id=545"},"modified":"2024-06-28T16:33:33","modified_gmt":"2024-06-28T14:33:33","slug":"plan-du-site","status":"publish","type":"page","link":"https:\/\/www.progicon.be\/fr\/sitemap\/","title":{"rendered":"Plan du site"},"content":{"rendered":"<div data-elementor-type=\"wp-page\" data-elementor-id=\"545\" class=\"elementor elementor-545\" data-elementor-post-type=\"page\">\n\t\t\t\t<div class=\"elementor-element elementor-element-686d530 e-flex e-con-boxed e-con e-parent\" data-id=\"686d530\" data-element_type=\"container\" data-e-type=\"container\" data-settings=\"{&quot;jet_parallax_layout_list&quot;:[]}\">\n\t\t\t\t\t<div class=\"e-con-inner\">\n\t\t\t\t<div class=\"elementor-element elementor-element-6c712a9 elementor-widget__width-inherit elementor-widget elementor-widget-heading\" data-id=\"6c712a9\" data-element_type=\"widget\" data-e-type=\"widget\" data-widget_type=\"heading.default\">\n\t\t\t\t<div class=\"elementor-widget-container\">\n\t\t\t\t\t<h1 class=\"elementor-heading-title elementor-size-default\">Plan du site<\/h1>\t\t\t\t<\/div>\n\t\t\t\t<\/div>\n\t\t\t\t<div class=\"elementor-element elementor-element-ca41d50 elementor-widget-mobile_extra__width-initial elementor-widget elementor-widget-sitemap\" data-id=\"ca41d50\" data-element_type=\"widget\" data-e-type=\"widget\" data-widget_type=\"sitemap.default\">\n\t\t\t\t<div class=\"elementor-widget-container\">\n\t\t\t\t\t<div class=\"elementor-sitemap-wrap\"><div class=\"elementor-sitemap-section\"><h2 class=\"elementor-sitemap-title elementor-sitemap-page-title\">Pages<\/h2><ul class=\"elementor-sitemap-list elementor-sitemap-page-list\"><li class=\"elementor-sitemap-item elementor-sitemap-item-page page_item page-item-2691\"><a href=\"https:\/\/www.progicon.be\/fr\/ingenieursbureau\/\">Bureau d'\u00e9tudes<\/a><\/li><li class=\"elementor-sitemap-item elementor-sitemap-item-page page_item page-item-2668\"><a href=\"https:\/\/www.progicon.be\/fr\/industriele-automatisering\/\">Automatisation industrielle<\/a><\/li><li class=\"elementor-sitemap-item elementor-sitemap-item-page page_item page-item-2649\"><a href=\"https:\/\/www.progicon.be\/fr\/bedankt\/\">Remerciements<\/a><\/li><li class=\"elementor-sitemap-item elementor-sitemap-item-page page_item page-item-2529\"><a href=\"https:\/\/www.progicon.be\/fr\/algemene-voorwaarden\/\">Conditions g\u00e9n\u00e9rales d'utilisation<\/a><\/li><li class=\"elementor-sitemap-item elementor-sitemap-item-page page_item page-item-2496\"><a href=\"https:\/\/www.progicon.be\/fr\/\">Page d'accueil<\/a><\/li><li class=\"elementor-sitemap-item elementor-sitemap-item-page page_item page-item-1871\"><a href=\"https:\/\/www.progicon.be\/fr\/nieuws\/\">Actualit\u00e9s<\/a><\/li><li class=\"elementor-sitemap-item elementor-sitemap-item-page page_item page-item-1834\"><a href=\"https:\/\/www.progicon.be\/fr\/referenties\/\">R\u00e9f\u00e9rences<\/a><\/li><li class=\"elementor-sitemap-item elementor-sitemap-item-page page_item page-item-1798\"><a href=\"https:\/\/www.progicon.be\/fr\/over-progicon\/\">\u00c0 propos de Progicon<\/a><\/li><li class=\"elementor-sitemap-item elementor-sitemap-item-page page_item page-item-1749\"><a href=\"https:\/\/www.progicon.be\/fr\/electrical-engineering\/\">Electrical engineering<\/a><\/li><li class=\"elementor-sitemap-item elementor-sitemap-item-page page_item page-item-1681\"><a href=\"https:\/\/www.progicon.be\/fr\/industriele-automatisatie\/\">Automatisation industrielle<\/a><\/li><li class=\"elementor-sitemap-item elementor-sitemap-item-page page_item page-item-547\"><a href=\"https:\/\/www.progicon.be\/fr\/privacy-beleid\/\">Vie priv\u00e9e<\/a><\/li><li class=\"elementor-sitemap-item elementor-sitemap-item-page page_item page-item-285\"><a href=\"https:\/\/www.progicon.be\/fr\/contact\/\">Contact<\/a><\/li><\/ul><\/div><div class=\"elementor-sitemap-section\"><h2 class=\"elementor-sitemap-title elementor-sitemap-post-title\">Messages<\/h2><ul class=\"elementor-sitemap-list elementor-sitemap-post-list\"><li class=\"elementor-sitemap-item elementor-sitemap-item-post page_item page-item-1259\"><a href=\"https:\/\/www.progicon.be\/fr\/nieuws\/progicon-verhuist-officiele-inhuldiging-nieuw-pand\/\">Progicon d\u00e9m\u00e9nage : inauguration officielle des nouveaux locaux<\/a><\/li><li class=\"elementor-sitemap-item elementor-sitemap-item-post page_item page-item-1265\"><a href=\"https:\/\/www.progicon.be\/fr\/nieuws\/nieuwe-electrical-and-software-support-engineer-bij-progicon-2\/\">Nouvel ing\u00e9nieur d'assistance \u00e9lectrique et logicielle chez Progicon<\/a><\/li><li class=\"elementor-sitemap-item elementor-sitemap-item-post page_item page-item-1262\"><a href=\"https:\/\/www.progicon.be\/fr\/nieuws\/nieuwe-electrical-and-software-support-engineer-bij-progicon\/\">Nouveau Ing\u00e9nieur support \u00e9lectrique et logiciel chez Progicon<\/a><\/li><li class=\"elementor-sitemap-item elementor-sitemap-item-post page_item page-item-1270\"><a href=\"https:\/\/www.progicon.be\/fr\/nieuws\/progicon-laat-draak-op-belfort-opnieuw-vuur-spuwen\/\">Progicon fait \u00e0 nouveau cracher le feu au dragon du beffroi<\/a><\/li><li class=\"elementor-sitemap-item elementor-sitemap-item-post page_item page-item-1273\"><a href=\"https:\/\/www.progicon.be\/fr\/nieuws\/vanaf-2017-zijn-wij-een-vca-gecertificeerd-bedrijf\/\">Depuis 2017, nous sommes une entreprise certifi\u00e9e vca*.<\/a><\/li><li class=\"elementor-sitemap-item elementor-sitemap-item-post page_item page-item-1276\"><a href=\"https:\/\/www.progicon.be\/fr\/nieuws\/midden-september-verwelkomen-wij-onze-3de-automatisatie-ingenieur\/\">\u00c0 la mi-septembre, nous accueillons notre troisi\u00e8me ing\u00e9nieur en automatisation.<\/a><\/li><li class=\"elementor-sitemap-item elementor-sitemap-item-post page_item page-item-1279\"><a href=\"https:\/\/www.progicon.be\/fr\/nieuws\/progicon-terug-op-de-schoolbank\/\">Progicon de retour sur les bancs de l'\u00e9cole<\/a><\/li><\/ul><\/div><\/div>\t\t\t\t<\/div>\n\t\t\t\t<\/div>\n\t\t\t\t\t<\/div>\n\t\t\t\t<\/div>\n\t\t\t\t<\/div>","protected":false},"excerpt":{"rendered":"<p>Plan du site<\/p>","protected":false},"author":3,"featured_media":0,"parent":0,"menu_order":0,"comment_status":"closed","ping_status":"closed","template":"","meta":{"_seopress_robots_primary_cat":"","_seopress_titles_title":"","_seopress_titles_desc":"","_seopress_robots_index":"","footnotes":""},"class_list":["post-545","page","type-page","status-publish","hentry"],"_links":{"self":[{"href":"https:\/\/www.progicon.be\/fr\/wp-json\/wp\/v2\/pages\/545","targetHints":{"allow":["GET"]}}],"collection":[{"href":"https:\/\/www.progicon.be\/fr\/wp-json\/wp\/v2\/pages"}],"about":[{"href":"https:\/\/www.progicon.be\/fr\/wp-json\/wp\/v2\/types\/page"}],"author":[{"embeddable":true,"href":"https:\/\/www.progicon.be\/fr\/wp-json\/wp\/v2\/users\/3"}],"replies":[{"embeddable":true,"href":"https:\/\/www.progicon.be\/fr\/wp-json\/wp\/v2\/comments?post=545"}],"version-history":[{"count":16,"href":"https:\/\/www.progicon.be\/fr\/wp-json\/wp\/v2\/pages\/545\/revisions"}],"predecessor-version":[{"id":2547,"href":"https:\/\/www.progicon.be\/fr\/wp-json\/wp\/v2\/pages\/545\/revisions\/2547"}],"wp:attachment":[{"href":"https:\/\/www.progicon.be\/fr\/wp-json\/wp\/v2\/media?parent=545"}],"curies":[{"name":"wp","href":"https:\/\/api.w.org\/{rel}","templated":true}]}}